{"id":2031,"date":"2022-09-19T08:56:13","date_gmt":"2022-09-19T11:56:13","guid":{"rendered":"https:\/\/malardadvogados.com.br\/?page_id=2031"},"modified":"2022-10-05T14:43:37","modified_gmt":"2022-10-05T17:43:37","slug":"ana-malard-velloso","status":"publish","type":"page","link":"https:\/\/malardadvogados.com.br\/en\/ana-malard-velloso\/","title":{"rendered":"Ana Malard Velloso"},"content":{"rendered":"<div class=\"wpb-content-wrapper\"><p>[vc_row css=&#8221;.vc_custom_1663594690901{background-position: center !important;background-repeat: no-repeat !important;background-size: cover !important;}&#8221;][vc_column]<div id=\"ultimate-heading-118769f994d087b17\" class=\"uvc-heading ult-adjust-bottom-margin ultimate-heading-118769f994d087b17 uvc-7480 accent-subtitle-color\" data-hspacer=\"no_spacer\"  data-halign=\"left\" style=\"text-align:left\"><div class=\"uvc-heading-spacer no_spacer\" style=\"top\"><\/div><div class=\"uvc-main-heading ult-responsive\"  data-ultimate-target='.uvc-heading.ultimate-heading-118769f994d087b17 h2'  data-responsive-json-new='{\"font-size\":\"desktop:34px;mobile_landscape:24px;\",\"line-height\":\"desktop:44px;mobile_landscape:34px;\"}' ><h2 style=\"font-weight:bold;margin-bottom:5px;\">Ana Malard Velloso<\/h2><\/div><div class=\"uvc-sub-heading ult-responsive\"  data-ultimate-target='.uvc-heading.ultimate-heading-118769f994d087b17 .uvc-sub-heading '  data-responsive-json-new='{\"font-size\":\"desktop:20px;\",\"line-height\":\"desktop:30px;\"}'  style=\"font-family:&#039;PT Serif&#039;;font-weight:bold;margin-bottom:0px;\">Senior Partner<\/div><\/div>[\/vc_column][\/vc_row][vc_row css=&#8221;.vc_custom_1507900175614{padding-top: 70px !important;padding-bottom: 30px !important;}&#8221;][vc_column css=&#8221;.vc_custom_1507900125316{padding-bottom: 50px !important;}&#8221; offset=&#8221;vc_col-lg-4 vc_col-md-4&#8243;]<div id=\"ultimate-heading-565069f994d087b5b\" class=\"uvc-heading ult-adjust-bottom-margin ultimate-heading-565069f994d087b5b uvc-6269 \" data-hspacer=\"no_spacer\"  data-halign=\"left\" style=\"text-align:left\"><div class=\"uvc-heading-spacer no_spacer\" style=\"top\"><\/div><div class=\"uvc-main-heading ult-responsive\"  data-ultimate-target='.uvc-heading.ultimate-heading-565069f994d087b5b h2'  data-responsive-json-new='{\"font-size\":\"desktop:24px;\",\"line-height\":\"desktop:34px;\"}' ><h2 style=\"--font-weight:theme;color:#202f37;margin-bottom:20px;\">Practice areas<\/h2><\/div><\/div><div class=\"standard-arrow list-divider bullet-top\"><ul>\n<li>Economic Law<\/li>\n<li>Civil Litigation<\/li>\n<li>Direito Regulat\u00f3rio e Administrativo<\/li>\n<\/ul>\n<\/div><div id=\"ultimate-heading-276569f994d087bb2\" class=\"uvc-heading ult-adjust-bottom-margin ultimate-heading-276569f994d087bb2 uvc-6674 \" data-hspacer=\"no_spacer\"  data-halign=\"left\" style=\"text-align:left\"><div class=\"uvc-heading-spacer no_spacer\" style=\"top\"><\/div><div class=\"uvc-main-heading ult-responsive\"  data-ultimate-target='.uvc-heading.ultimate-heading-276569f994d087bb2 h2'  data-responsive-json-new='{\"font-size\":\"desktop:24px;\",\"line-height\":\"desktop:34px;\"}' ><h2 style=\"--font-weight:theme;color:#202f37;margin-bottom:20px;\">Professional activities<\/h2><\/div><\/div><div class=\"standard-arrow list-divider bullet-top\"><ul>\n<li>Attorney at MALARD ADVOGADOS ASSOCIADOS since 2006<\/li>\n<li>Honorary member and former President of Competition Law Committee of Bras\u00edlia Bar Association.<\/li>\n<li>Member of the Antitrust Law Section of American Bar Association.<\/li>\n<\/ul>\n<\/div>[\/vc_column][vc_column width=&#8221;1\/3&#8243; css=&#8221;.vc_custom_1507900135133{padding-bottom: 50px !important;}&#8221; offset=&#8221;vc_col-lg-4 vc_col-md-4&#8243;]<div id=\"ultimate-heading-889169f994d087be6\" class=\"uvc-heading ult-adjust-bottom-margin ultimate-heading-889169f994d087be6 uvc-6481 \" data-hspacer=\"no_spacer\"  data-halign=\"left\" style=\"text-align:left\"><div class=\"uvc-heading-spacer no_spacer\" style=\"top\"><\/div><div class=\"uvc-main-heading ult-responsive\"  data-ultimate-target='.uvc-heading.ultimate-heading-889169f994d087be6 h2'  data-responsive-json-new='{\"font-size\":\"desktop:24px;\",\"line-height\":\"desktop:34px;\"}' ><h2 style=\"--font-weight:theme;color:#202f37;margin-bottom:20px;\">Academic titles<\/h2><\/div><\/div><div class=\"standard-arrow list-divider bullet-top\"><ul>\n<li>Gratuated in Instituto de Educa\u00e7\u00e3o Superior de Bras\u00edlia \u2013 IESB.<\/li>\n<li>Post graduated in Economic Law in Funda\u00e7\u00e3o Get\u00falio Vargas \u2013 FGV.<\/li>\n<\/ul>\n<\/div>[\/vc_column][vc_column css=&#8221;.vc_custom_1516903248606{padding-bottom: 50px !important;}&#8221; offset=&#8221;vc_col-lg-4 vc_col-md-4&#8243;]<div id=\"ultimate-heading-708469f994d087c10\" class=\"uvc-heading ult-adjust-bottom-margin ultimate-heading-708469f994d087c10 uvc-363 \" data-hspacer=\"no_spacer\"  data-halign=\"left\" style=\"text-align:left\"><div class=\"uvc-heading-spacer no_spacer\" style=\"top\"><\/div><div class=\"uvc-main-heading ult-responsive\"  data-ultimate-target='.uvc-heading.ultimate-heading-708469f994d087c10 h2'  data-responsive-json-new='{\"font-size\":\"desktop:24px;\",\"line-height\":\"desktop:34px;\"}' ><h2 style=\"--font-weight:theme;margin-bottom:20px;\">Contact<\/h2><\/div><\/div><div class=\"uavc-list-icon uavc-list-icon-wrapper ult-adjust-bottom-margin   \"><ul class=\"uavc-list\"><li><div class=\"uavc-list-content\" id=\"list-icon-wrap-9784\">\n<div class=\"uavc-list-icon  \" data-animation=\"\" data-animation-delay=\"03\" style=\"margin-right:10px;\"><div class=\"ult-just-icon-wrapper  \"><div class=\"align-icon\" style=\"text-align:center;\">\n<div class=\"aio-icon advanced \"  style=\"color:#202f37;border-style:;border-color:#333333;border-width:1px;width:36px;height:36px;line-height:36px;border-radius:500px;font-size:20px;display:inline-block;\">\n\t<i class=\"icomoon-font-awesome-14x14-envelope\"><\/i>\n<\/div><\/div><\/div>\n<\/div><span  data-ultimate-target='#list-icon-wrap-9784 .uavc-list-desc'  data-responsive-json-new='{\"font-size\":\"desktop:18px;mobile_landscape:16px;\",\"line-height\":\"desktop:28px;mobile_landscape:26px;\"}'  class=\"uavc-list-desc ult-responsive\" style=\"font-weight:normal;font-style:normal;color:#80898f;\"><a href=\"mailto:ana@malardadvogados.com.br\">ana@malardadvogados.com.br<\/a><\/span><\/div><\/li><li><div class=\"uavc-list-content\" id=\"list-icon-wrap-7427\">\n<div class=\"uavc-list-icon  \" data-animation=\"\" data-animation-delay=\"03\" style=\"margin-right:10px;\"><div class=\"ult-just-icon-wrapper  \"><div class=\"align-icon\" style=\"text-align:center;\">\n<div class=\"aio-icon advanced \"  style=\"color:#202f37;border-style:;border-color:#333333;border-width:1px;width:36px;height:36px;line-height:36px;border-radius:500px;font-size:20px;display:inline-block;\">\n\t<i class=\"Defaults-language\"><\/i>\n<\/div><\/div><\/div>\n<\/div><span  data-ultimate-target='#list-icon-wrap-7427 .uavc-list-desc'  data-responsive-json-new='{\"font-size\":\"desktop:18px;mobile_landscape:16px;\",\"line-height\":\"desktop:28px;mobile_landscape:26px;\"}'  class=\"uavc-list-desc ult-responsive\" style=\"font-weight:700;color:#80898f;\">Spoken languages: English and French<\/span><\/div><\/li><\/ul><\/div><style type=\"text\/css\" data-type=\"the7_shortcodes-inline-css\">.dt-shortcode-soc-icons.soc-icons-b77911eb44cedc954b331bd16ce2bf11 a {\n  margin-right: 4px;\n}\n.dt-shortcode-soc-icons a.soc-icons-b77911eb44cedc954b331bd16ce2bf11 {\n  margin-right: 4px;\n}\n.dt-shortcode-soc-icons a.soc-icons-b77911eb44cedc954b331bd16ce2bf11:last-child {\n  margin-right: 0;\n}\n.dt-shortcode-soc-icons a.soc-icons-b77911eb44cedc954b331bd16ce2bf11:before,\n.dt-shortcode-soc-icons a.soc-icons-b77911eb44cedc954b331bd16ce2bf11:after {\n  padding: inherit;\n}\n.dt-shortcode-soc-icons a.soc-icons-b77911eb44cedc954b331bd16ce2bf11.dt-icon-border-on:before {\n  border:  solid ;\n}\n.dt-shortcode-soc-icons a.soc-icons-b77911eb44cedc954b331bd16ce2bf11.dt-icon-hover-border-on:after {\n  border:  solid ;\n}\n<\/style><div class=\"dt-shortcode-soc-icons  soc-icons-b77911eb44cedc954b331bd16ce2bf11 soc-icons-left \" ><style type=\"text\/css\" data-type=\"the7_shortcodes-inline-css\">.dt-shortcode-soc-icons a.single-soc-icon-2cfabbd88c2f49789dd842e1efc594b5 {\n  min-width: 40px;\n  min-height: 40px;\n  font-size: 20px;\n  border-radius: 100px;\n}\n.dt-shortcode-soc-icons a.single-soc-icon-2cfabbd88c2f49789dd842e1efc594b5:last-child {\n  margin-right: 0;\n}\n.dt-shortcode-soc-icons a.single-soc-icon-2cfabbd88c2f49789dd842e1efc594b5:before,\n.dt-shortcode-soc-icons a.single-soc-icon-2cfabbd88c2f49789dd842e1efc594b5:after {\n  min-width: 40px;\n  min-height: 40px;\n  padding: inherit;\n}\n#page .dt-shortcode-soc-icons a.single-soc-icon-2cfabbd88c2f49789dd842e1efc594b5.dt-icon-bg-on:before,\n#phantom .dt-shortcode-soc-icons a.single-soc-icon-2cfabbd88c2f49789dd842e1efc594b5.dt-icon-bg-on:before {\n  background: rgba(51,51,51,0.08);\n}\n.dt-shortcode-soc-icons a.single-soc-icon-2cfabbd88c2f49789dd842e1efc594b5.dt-icon-border-on:before {\n  border: 0px solid ;\n}\n.dt-shortcode-soc-icons a.single-soc-icon-2cfabbd88c2f49789dd842e1efc594b5.dt-icon-hover-border-on:after {\n  border: 0px solid ;\n}\n.dt-shortcode-soc-icons a.single-soc-icon-2cfabbd88c2f49789dd842e1efc594b5:hover {\n  font-size: 20px;\n}\n#page .dt-shortcode-soc-icons a.single-soc-icon-2cfabbd88c2f49789dd842e1efc594b5:hover .soc-font-icon,\n#phantom .dt-shortcode-soc-icons a.single-soc-icon-2cfabbd88c2f49789dd842e1efc594b5:hover .soc-font-icon,\n#page .dt-shortcode-soc-icons a.single-soc-icon-2cfabbd88c2f49789dd842e1efc594b5:hover .soc-icon,\n#phantom .dt-shortcode-soc-icons a.single-soc-icon-2cfabbd88c2f49789dd842e1efc594b5:hover .soc-icon {\n  color: #ffffff;\n  background: none;\n}\n.dt-shortcode-soc-icons a.single-soc-icon-2cfabbd88c2f49789dd842e1efc594b5 .soc-font-icon,\n.dt-shortcode-soc-icons a.single-soc-icon-2cfabbd88c2f49789dd842e1efc594b5 .soc-icon {\n  font-size: 20px;\n}\n<\/style><a title=\"\" href=\"#\"  target=\"_blank\"class=\"Defaults-linkedin single-soc-icon-2cfabbd88c2f49789dd842e1efc594b5 dt-icon-bg-on dt-icon-border-on dt-icon-hover-border-on dt-icon-hover-bg-on  vc_custom_1663258021896 \" ><i class=\"soc-icon Defaults-linkedin\"><\/i><span class=\"screen-reader-text\"><\/span><\/a><\/div>[\/vc_column][\/vc_row]<\/p>\n<\/div>","protected":false},"excerpt":{"rendered":"<p>[vc_row css=&#8221;.vc_custom_1663594690901{background-position: center !important;background-repeat: no-repeat !important;background-size: cover !important;}&#8221;][vc_column][\/vc_column][\/vc_row][vc_row css=&#8221;.vc_custom_1507900175614{padding-top: 70px !important;padding-bottom: 30px !important;}&#8221;][vc_column css=&#8221;.vc_custom_1507900125316{padding-bottom: 50px !important;}&#8221; offset=&#8221;vc_col-lg-4 vc_col-md-4&#8243;][\/vc_column][vc_column width=&#8221;1\/3&#8243; css=&#8221;.vc_custom_1507900135133{padding-bottom: 50px !important;}&#8221; offset=&#8221;vc_col-lg-4 vc_col-md-4&#8243;][\/vc_column][vc_column css=&#8221;.vc_custom_1516903248606{padding-bottom: 50px !important;}&#8221; offset=&#8221;vc_col-lg-4 vc_col-md-4&#8243;][\/vc_column][\/vc_row]<\/p>\n","protected":false},"author":1,"featured_media":0,"parent":0,"menu_order":0,"comment_status":"closed","ping_status":"closed","template":"","meta":{"footnotes":""},"class_list":["post-2031","page","type-page","status-publish","hentry","description-off"],"yoast_head":"<!-- This site is optimized with the Yoast SEO plugin v26.9 - https:\/\/yoast.com\/product\/yoast-seo-wordpress\/ -->\n<title>Ana Malard Velloso - Malard Advogados<\/title>\n<meta name=\"robots\" content=\"index, follow, max-snippet:-1, max-image-preview:large, max-video-preview:-1\" \/>\n<link rel=\"canonical\" href=\"https:\/\/malardadvogados.com.br\/en\/ana-malard-velloso\/\" \/>\n<meta property=\"og:locale\" content=\"en_US\" \/>\n<meta property=\"og:type\" content=\"article\" \/>\n<meta property=\"og:title\" content=\"Ana Malard Velloso - Malard Advogados\" \/>\n<meta property=\"og:description\" content=\"[vc_row css=&#8221;.vc_custom_1663594690901{background-position: center !important;background-repeat: no-repeat !important;background-size: cover !important;}&#8221;][vc_column][\/vc_column][\/vc_row][vc_row css=&#8221;.vc_custom_1507900175614{padding-top: 70px !important;padding-bottom: 30px !important;}&#8221;][vc_column css=&#8221;.vc_custom_1507900125316{padding-bottom: 50px !important;}&#8221; offset=&#8221;vc_col-lg-4 vc_col-md-4&#8243;][\/vc_column][vc_column width=&#8221;1\/3&#8243; css=&#8221;.vc_custom_1507900135133{padding-bottom: 50px !important;}&#8221; offset=&#8221;vc_col-lg-4 vc_col-md-4&#8243;][\/vc_column][vc_column css=&#8221;.vc_custom_1516903248606{padding-bottom: 50px !important;}&#8221; offset=&#8221;vc_col-lg-4 vc_col-md-4&#8243;][\/vc_column][\/vc_row]\" \/>\n<meta property=\"og:url\" content=\"https:\/\/malardadvogados.com.br\/en\/ana-malard-velloso\/\" \/>\n<meta property=\"og:site_name\" content=\"Malard Advogados\" \/>\n<meta property=\"article:modified_time\" content=\"2022-10-05T17:43:37+00:00\" \/>\n<meta name=\"twitter:card\" content=\"summary_large_image\" \/>\n<meta name=\"twitter:label1\" content=\"Est. reading time\" \/>\n\t<meta name=\"twitter:data1\" content=\"1 minute\" \/>\n<script type=\"application\/ld+json\" class=\"yoast-schema-graph\">{\"@context\":\"https:\/\/schema.org\",\"@graph\":[{\"@type\":\"WebPage\",\"@id\":\"https:\/\/malardadvogados.com.br\/en\/ana-malard-velloso\/\",\"url\":\"https:\/\/malardadvogados.com.br\/en\/ana-malard-velloso\/\",\"name\":\"Ana Malard Velloso - Malard Advogados\",\"isPartOf\":{\"@id\":\"https:\/\/malardadvogados.com.br\/#website\"},\"datePublished\":\"2022-09-19T11:56:13+00:00\",\"dateModified\":\"2022-10-05T17:43:37+00:00\",\"breadcrumb\":{\"@id\":\"https:\/\/malardadvogados.com.br\/en\/ana-malard-velloso\/#breadcrumb\"},\"inLanguage\":\"en-US\",\"potentialAction\":[{\"@type\":\"ReadAction\",\"target\":[\"https:\/\/malardadvogados.com.br\/en\/ana-malard-velloso\/\"]}]},{\"@type\":\"BreadcrumbList\",\"@id\":\"https:\/\/malardadvogados.com.br\/en\/ana-malard-velloso\/#breadcrumb\",\"itemListElement\":[{\"@type\":\"ListItem\",\"position\":1,\"name\":\"In\u00edcio\",\"item\":\"https:\/\/malardadvogados.com.br\/en\/\"},{\"@type\":\"ListItem\",\"position\":2,\"name\":\"Ana Malard Velloso\"}]},{\"@type\":\"WebSite\",\"@id\":\"https:\/\/malardadvogados.com.br\/#website\",\"url\":\"https:\/\/malardadvogados.com.br\/\",\"name\":\"Malard Advogados\",\"description\":\"Malard Advogados\",\"publisher\":{\"@id\":\"https:\/\/malardadvogados.com.br\/#organization\"},\"potentialAction\":[{\"@type\":\"SearchAction\",\"target\":{\"@type\":\"EntryPoint\",\"urlTemplate\":\"https:\/\/malardadvogados.com.br\/?s={search_term_string}\"},\"query-input\":{\"@type\":\"PropertyValueSpecification\",\"valueRequired\":true,\"valueName\":\"search_term_string\"}}],\"inLanguage\":\"en-US\"},{\"@type\":\"Organization\",\"@id\":\"https:\/\/malardadvogados.com.br\/#organization\",\"name\":\"Malard Advogados\",\"url\":\"https:\/\/malardadvogados.com.br\/\",\"logo\":{\"@type\":\"ImageObject\",\"inLanguage\":\"en-US\",\"@id\":\"https:\/\/malardadvogados.com.br\/#\/schema\/logo\/image\/\",\"url\":\"https:\/\/malardadvogados.com.br\/wp-content\/uploads\/2019\/08\/malard-advogados-logo140x55-vd.png\",\"contentUrl\":\"https:\/\/malardadvogados.com.br\/wp-content\/uploads\/2019\/08\/malard-advogados-logo140x55-vd.png\",\"width\":154,\"height\":55,\"caption\":\"Malard Advogados\"},\"image\":{\"@id\":\"https:\/\/malardadvogados.com.br\/#\/schema\/logo\/image\/\"},\"sameAs\":[\"https:\/\/www.linkedin.com\/company\/malard-advogados-associados-s.s\/\"]}]}<\/script>\n<!-- \/ Yoast SEO plugin. -->","yoast_head_json":{"title":"Ana Malard Velloso - Malard Advogados","robots":{"index":"index","follow":"follow","max-snippet":"max-snippet:-1","max-image-preview":"max-image-preview:large","max-video-preview":"max-video-preview:-1"},"canonical":"https:\/\/malardadvogados.com.br\/en\/ana-malard-velloso\/","og_locale":"en_US","og_type":"article","og_title":"Ana Malard Velloso - Malard Advogados","og_description":"[vc_row css=&#8221;.vc_custom_1663594690901{background-position: center !important;background-repeat: no-repeat !important;background-size: cover !important;}&#8221;][vc_column][\/vc_column][\/vc_row][vc_row css=&#8221;.vc_custom_1507900175614{padding-top: 70px !important;padding-bottom: 30px !important;}&#8221;][vc_column css=&#8221;.vc_custom_1507900125316{padding-bottom: 50px !important;}&#8221; offset=&#8221;vc_col-lg-4 vc_col-md-4&#8243;][\/vc_column][vc_column width=&#8221;1\/3&#8243; css=&#8221;.vc_custom_1507900135133{padding-bottom: 50px !important;}&#8221; offset=&#8221;vc_col-lg-4 vc_col-md-4&#8243;][\/vc_column][vc_column css=&#8221;.vc_custom_1516903248606{padding-bottom: 50px !important;}&#8221; offset=&#8221;vc_col-lg-4 vc_col-md-4&#8243;][\/vc_column][\/vc_row]","og_url":"https:\/\/malardadvogados.com.br\/en\/ana-malard-velloso\/","og_site_name":"Malard Advogados","article_modified_time":"2022-10-05T17:43:37+00:00","twitter_card":"summary_large_image","twitter_misc":{"Est. reading time":"1 minute"},"schema":{"@context":"https:\/\/schema.org","@graph":[{"@type":"WebPage","@id":"https:\/\/malardadvogados.com.br\/en\/ana-malard-velloso\/","url":"https:\/\/malardadvogados.com.br\/en\/ana-malard-velloso\/","name":"Ana Malard Velloso - Malard Advogados","isPartOf":{"@id":"https:\/\/malardadvogados.com.br\/#website"},"datePublished":"2022-09-19T11:56:13+00:00","dateModified":"2022-10-05T17:43:37+00:00","breadcrumb":{"@id":"https:\/\/malardadvogados.com.br\/en\/ana-malard-velloso\/#breadcrumb"},"inLanguage":"en-US","potentialAction":[{"@type":"ReadAction","target":["https:\/\/malardadvogados.com.br\/en\/ana-malard-velloso\/"]}]},{"@type":"BreadcrumbList","@id":"https:\/\/malardadvogados.com.br\/en\/ana-malard-velloso\/#breadcrumb","itemListElement":[{"@type":"ListItem","position":1,"name":"In\u00edcio","item":"https:\/\/malardadvogados.com.br\/en\/"},{"@type":"ListItem","position":2,"name":"Ana Malard Velloso"}]},{"@type":"WebSite","@id":"https:\/\/malardadvogados.com.br\/#website","url":"https:\/\/malardadvogados.com.br\/","name":"Malard Advogados","description":"Malard Advogados","publisher":{"@id":"https:\/\/malardadvogados.com.br\/#organization"},"potentialAction":[{"@type":"SearchAction","target":{"@type":"EntryPoint","urlTemplate":"https:\/\/malardadvogados.com.br\/?s={search_term_string}"},"query-input":{"@type":"PropertyValueSpecification","valueRequired":true,"valueName":"search_term_string"}}],"inLanguage":"en-US"},{"@type":"Organization","@id":"https:\/\/malardadvogados.com.br\/#organization","name":"Malard Advogados","url":"https:\/\/malardadvogados.com.br\/","logo":{"@type":"ImageObject","inLanguage":"en-US","@id":"https:\/\/malardadvogados.com.br\/#\/schema\/logo\/image\/","url":"https:\/\/malardadvogados.com.br\/wp-content\/uploads\/2019\/08\/malard-advogados-logo140x55-vd.png","contentUrl":"https:\/\/malardadvogados.com.br\/wp-content\/uploads\/2019\/08\/malard-advogados-logo140x55-vd.png","width":154,"height":55,"caption":"Malard Advogados"},"image":{"@id":"https:\/\/malardadvogados.com.br\/#\/schema\/logo\/image\/"},"sameAs":["https:\/\/www.linkedin.com\/company\/malard-advogados-associados-s.s\/"]}]}},"_links":{"self":[{"href":"https:\/\/malardadvogados.com.br\/en\/wp-json\/wp\/v2\/pages\/2031","targetHints":{"allow":["GET"]}}],"collection":[{"href":"https:\/\/malardadvogados.com.br\/en\/wp-json\/wp\/v2\/pages"}],"about":[{"href":"https:\/\/malardadvogados.com.br\/en\/wp-json\/wp\/v2\/types\/page"}],"author":[{"embeddable":true,"href":"https:\/\/malardadvogados.com.br\/en\/wp-json\/wp\/v2\/users\/1"}],"replies":[{"embeddable":true,"href":"https:\/\/malardadvogados.com.br\/en\/wp-json\/wp\/v2\/comments?post=2031"}],"version-history":[{"count":12,"href":"https:\/\/malardadvogados.com.br\/en\/wp-json\/wp\/v2\/pages\/2031\/revisions"}],"predecessor-version":[{"id":2135,"href":"https:\/\/malardadvogados.com.br\/en\/wp-json\/wp\/v2\/pages\/2031\/revisions\/2135"}],"wp:attachment":[{"href":"https:\/\/malardadvogados.com.br\/en\/wp-json\/wp\/v2\/media?parent=2031"}],"curies":[{"name":"wp","href":"https:\/\/api.w.org\/{rel}","templated":true}]}}